{"id":27,"date":"2023-04-26T16:23:39","date_gmt":"2023-04-26T14:23:39","guid":{"rendered":"https:\/\/cubanaso-pro.com\/?post_type=product&#038;p=27"},"modified":"2024-07-09T09:46:53","modified_gmt":"2024-07-09T07:46:53","slug":"cocktail-cubanaso-3l-base-concentre-pina-colada-0-alcool","status":"publish","type":"product","link":"https:\/\/cubanaso-pro.com\/?product=cocktail-cubanaso-3l-base-concentre-pina-colada-0-alcool","title":{"rendered":"Cocktail Cubanaso 3L base concentr\u00e9e Pina Colada 0% alcool"},"content":{"rendered":"<p>Pour savourer ce d\u00e9licieux cocktail, suivez ces \u00e9tapes simples :<\/p>\n<p>1. Utilisez un verre de 30 cl, 40 cl ou 50cl rempli de gla\u00e7ons pil\u00e9s.<br \/>\n2. Ajoutez une dose de 3 cl pour un verre de 30 cl, 4 cl pour un verre de 40 cl ou 5cl pour 50cl.<br \/>\n2. Compl\u00e9tez avec du lait de coco<br \/>\n3. M\u00e9langez d\u00e9licatement et ajoutez une touche de d\u00e9coration.<br \/>\n4. D\u00e9gustez !<\/p>\n<p>Cocktail Cubanaso Base Concentr\u00e9e Pina Colada vous offre une exp\u00e9rience gustative<br \/>\nintense avec un go\u00fbt naturels de d&#8217;ananas et de coco. Avec un degr\u00e9 d&#8217;alcool de 0%, il est<br \/>\nparfaitement adapt\u00e9 \u00e0 toutes les occasions.<\/p>\n<p>Ce sac de 3L contient une quantit\u00e9 g\u00e9n\u00e9reuse de cocktail, vous permettant de satisfaire un grand<br \/>\nnombre de clients. Sa dur\u00e9e de conservation est optimale, vous assurant une fra\u00eecheur prolong\u00e9e.<br \/>\nOffrez \u00e0 votre client\u00e8le un cocktail unique et rafra\u00eechissant avec le Cocktail Cubanaso Base<br \/>\nConcentr\u00e9e Pina Colada. Faites l&#8217;exp\u00e9rience des saveurs exquises de la pina colada dans<br \/>\nchaque gorg\u00e9e, sans alcool.<\/p>\n<p>Volume : 3L<br \/>\nDegr\u00e9 : 0%<br \/>\nCocktails : 72 \u2013 100<br \/>\nFruits : Ananas, Coco<\/p>\n<p>SKU : BAG001<\/p>\n<div data-test='contact-form' id='contact-form-27' class='wp-block-jetpack-contact-form-container '>\n<form action='https:\/\/cubanaso-pro.com\/?product=cocktail-cubanaso-3l-base-concentre-pina-colada-0-alcool#contact-form-27' method='post' class='contact-form commentsblock' aria-label=\"Cocktail Cubanaso 3L base concentr\u00e9e Pina Colada 0% alcool\" novalidate>\n\n<div style=\"\" class='grunion-field-name-wrap grunion-field-wrap'  >\n<label\n\t\t\t\tfor='g27-nom'\n\t\t\t\tclass='grunion-field-label name'>Nom<span class=\"grunion-label-required\" aria-hidden=\"true\">(obligatoire)<\/span><\/label>\n<input\n\t\t\t\t\ttype='text'\n\t\t\t\t\tname='g27-nom'\n\t\t\t\t\tid='g27-nom'\n\t\t\t\t\tvalue=''\n\t\t\t\t\tclass='name  grunion-field' \n\t\t\t\t\trequired aria-required='true' \/>\n\t<\/div>\n\n<div style=\"\" class='grunion-field-email-wrap grunion-field-wrap'  >\n<label\n\t\t\t\tfor='g27-email'\n\t\t\t\tclass='grunion-field-label email'>E-mail<span class=\"grunion-label-required\" aria-hidden=\"true\">(obligatoire)<\/span><\/label>\n<input\n\t\t\t\t\ttype='email'\n\t\t\t\t\tname='g27-email'\n\t\t\t\t\tid='g27-email'\n\t\t\t\t\tvalue=''\n\t\t\t\t\tclass='email  grunion-field' \n\t\t\t\t\trequired aria-required='true' \/>\n\t<\/div>\n\n<div style=\"\" class='grunion-field-text-wrap grunion-field-wrap'  >\n<label\n\t\t\t\tfor='g27-tlphone'\n\t\t\t\tclass='grunion-field-label text'>T\u00e9l\u00e9phone<\/label>\n<input\n\t\t\t\t\ttype='text'\n\t\t\t\t\tname='g27-tlphone'\n\t\t\t\t\tid='g27-tlphone'\n\t\t\t\t\tvalue=''\n\t\t\t\t\tclass='text  grunion-field' \n\t\t\t\t\t \/>\n\t<\/div>\n\n<div style=\"\" class='grunion-field-textarea-wrap grunion-field-wrap'  >\n<label\n\t\t\t\tfor='contact-form-comment-g27-message'\n\t\t\t\tclass='grunion-field-label textarea'>Message<\/label>\n<textarea\n\t\t                style=''\n\t\t                name='g27-message'\n\t\t                id='contact-form-comment-g27-message'\n\t\t                rows='20' class='textarea  grunion-field'  ><\/textarea>\n\t<\/div>\n\t<p class='contact-submit'>\n\t\t<button type='submit' class='pushbutton-wide'>Envoyer<\/button>\t\t<input type='hidden' name='contact-form-id' value='27' \/>\n\t\t<input type='hidden' name='action' value='grunion-contact-form' \/>\n\t\t<input type='hidden' name='contact-form-hash' value='63fd5c2c89f6e9e0665091637a1706a165dccd4a' \/>\n\t<\/p>\n<\/form>\n<\/div>\n","protected":false},"excerpt":{"rendered":"<p>D\u00e9couvrez le Cocktail Cubanaso Base Concentr\u00e9e Pina Colada, une exp\u00e9rience rafra\u00eechissante sans alcool dans un format pratique de sac de 3L, \u00e9quivalent \u00e0 4 bouteilles de 750 ml. Id\u00e9al pour les professionnels, ce format g\u00e9n\u00e9reux vous permet de pr\u00e9parer entre 72 et 100 d\u00e9licieux cocktails.<\/p>\n<p>Merci de nous contacter par <a href=\"https:\/\/cubanaso-pro.com\/?page_id=59\">MAIL<\/a>, par t\u00e9l\u00e9phone au +33661819981 ou via le formulaire ci-dessous afin d&#8217;\u00e9laborer un devis<\/p>\n","protected":false},"featured_media":36,"comment_status":"open","ping_status":"closed","template":"","meta":{"_kadence_starter_templates_imported_post":false,"_kad_post_transparent":"default","_kad_post_title":"","_kad_post_layout":"default","_kad_post_sidebar_id":"","_kad_post_content_style":"default","_kad_post_vertical_padding":"default","_kad_post_feature":"","_kad_post_feature_position":"","_kad_post_header":false,"_kad_post_footer":false},"product_cat":[17],"product_tag":[21,20],"jetpack_sharing_enabled":true,"_links":{"self":[{"href":"https:\/\/cubanaso-pro.com\/index.php?rest_route=\/wp\/v2\/product\/27"}],"collection":[{"href":"https:\/\/cubanaso-pro.com\/index.php?rest_route=\/wp\/v2\/product"}],"about":[{"href":"https:\/\/cubanaso-pro.com\/index.php?rest_route=\/wp\/v2\/types\/product"}],"replies":[{"embeddable":true,"href":"https:\/\/cubanaso-pro.com\/index.php?rest_route=%2Fwp%2Fv2%2Fcomments&post=27"}],"wp:featuredmedia":[{"embeddable":true,"href":"https:\/\/cubanaso-pro.com\/index.php?rest_route=\/wp\/v2\/media\/36"}],"wp:attachment":[{"href":"https:\/\/cubanaso-pro.com\/index.php?rest_route=%2Fwp%2Fv2%2Fmedia&parent=27"}],"wp:term":[{"taxonomy":"product_cat","embeddable":true,"href":"https:\/\/cubanaso-pro.com\/index.php?rest_route=%2Fwp%2Fv2%2Fproduct_cat&post=27"},{"taxonomy":"product_tag","embeddable":true,"href":"https:\/\/cubanaso-pro.com\/index.php?rest_route=%2Fwp%2Fv2%2Fproduct_tag&post=27"}],"curies":[{"name":"wp","href":"https:\/\/api.w.org\/{rel}","templated":true}]}}