{"id":30,"date":"2023-04-26T16:23:39","date_gmt":"2023-04-26T14:23:39","guid":{"rendered":"https:\/\/cubanaso-pro.com\/?post_type=product&#038;p=30"},"modified":"2025-09-28T11:05:04","modified_gmt":"2025-09-28T09:05:04","slug":"cocktail-cubanaso-base-concentre-pina-colada-0-alcool","status":"publish","type":"product","link":"https:\/\/cubanaso-pro.com\/?product=cocktail-cubanaso-base-concentre-pina-colada-0-alcool","title":{"rendered":"Cocktail Cubanaso base concentr\u00e9e Pina Colada 0% alcool"},"content":{"rendered":"<blockquote><p>Sa texture liquide dense et sa couleur blanche captivent imm\u00e9diatement le regard. Laissez-vous transporter vers les plages ensoleill\u00e9es des Cara\u00efbes par l&#8217;irr\u00e9sistible odeur et le go\u00fbt authentique de la pina colada. Gr\u00e2ce \u00e0 notre base concentr\u00e9e, une seule bouteille de 750 ml vous permet de pr\u00e9parer jusqu&#8217;\u00e0 25 cocktails, faisant de chaque gorg\u00e9e une exp\u00e9rience tropicale.<\/p><\/blockquote>\n<p>La pr\u00e9paration d&#8217;un cocktail Cubanaso parfait est un jeu d&#8217;enfant ! Versez simplement 3 cl de la base concentr\u00e9e dans un verre de 30 cl rempli de gla\u00e7ons pil\u00e9s pour un \u00e9quilibre parfait des saveurs. Si vous souhaitez intensifier les ar\u00f4mes, optez pour 4 cl de concentr\u00e9 dans un verre de 40 cl. Pour une exp\u00e9rience encore plus rafra\u00eechissante, versez 5 cl de concentr\u00e9 dans un g\u00e9n\u00e9reux verre de 50 cl garni de gla\u00e7ons pil\u00e9s.<\/p>\n<p>Ajoutez d\u00e9licatement du lait de coca \u00e0 votre verre, remuez doucement, puis sublimez votre cr\u00e9ation avec une tranche d&#8217;orange et un triangle d&#8217;ananas pour une touche d\u00e9corative irr\u00e9sistible. Et voil\u00e0, votre cocktail Cubanaso est pr\u00eat \u00e0 \u00eatre savour\u00e9, un voyage gustatif exotique qui \u00e9veillera vos sens.<\/p>\n<p>Une fois ouverte, nous vous recommandons de conserver la bouteille de concentr\u00e9 au frais et de le d\u00e9guster dans le mois en cours pour une exp\u00e9rience optimale. Avec une dur\u00e9e de conservation de 18 mois, vous aurez tout le temps n\u00e9cessaire pour d\u00e9guster cette boisson exotique \u00e0 votre rythme, sans jamais compromettre sa qualit\u00e9.<\/p>\n<div data-test='contact-form' id='contact-form-30' class='wp-block-jetpack-contact-form-container '>\n<form action='https:\/\/cubanaso-pro.com\/?product=cocktail-cubanaso-base-concentre-pina-colada-0-alcool#contact-form-30' method='post' class='contact-form commentsblock' aria-label=\"Cocktail Cubanaso base concentr\u00e9e Pina Colada 0% alcool\" novalidate>\n\n<div style=\"\" class='grunion-field-name-wrap grunion-field-wrap'  >\n<label\n\t\t\t\tfor='g30-nom'\n\t\t\t\tclass='grunion-field-label name'>Nom<span class=\"grunion-label-required\" aria-hidden=\"true\">(obligatoire)<\/span><\/label>\n<input\n\t\t\t\t\ttype='text'\n\t\t\t\t\tname='g30-nom'\n\t\t\t\t\tid='g30-nom'\n\t\t\t\t\tvalue=''\n\t\t\t\t\tclass='name  grunion-field' \n\t\t\t\t\trequired aria-required='true' \/>\n\t<\/div>\n\n<div style=\"\" class='grunion-field-email-wrap grunion-field-wrap'  >\n<label\n\t\t\t\tfor='g30-email'\n\t\t\t\tclass='grunion-field-label email'>E-mail<span class=\"grunion-label-required\" aria-hidden=\"true\">(obligatoire)<\/span><\/label>\n<input\n\t\t\t\t\ttype='email'\n\t\t\t\t\tname='g30-email'\n\t\t\t\t\tid='g30-email'\n\t\t\t\t\tvalue=''\n\t\t\t\t\tclass='email  grunion-field' \n\t\t\t\t\trequired aria-required='true' \/>\n\t<\/div>\n\n<div style=\"\" class='grunion-field-text-wrap grunion-field-wrap'  >\n<label\n\t\t\t\tfor='g30-tlphone'\n\t\t\t\tclass='grunion-field-label text'>T\u00e9l\u00e9phone<\/label>\n<input\n\t\t\t\t\ttype='text'\n\t\t\t\t\tname='g30-tlphone'\n\t\t\t\t\tid='g30-tlphone'\n\t\t\t\t\tvalue=''\n\t\t\t\t\tclass='text  grunion-field' \n\t\t\t\t\t \/>\n\t<\/div>\n\n<div style=\"\" class='grunion-field-textarea-wrap grunion-field-wrap'  >\n<label\n\t\t\t\tfor='contact-form-comment-g30-message'\n\t\t\t\tclass='grunion-field-label textarea'>Message<\/label>\n<textarea\n\t\t                style=''\n\t\t                name='g30-message'\n\t\t                id='contact-form-comment-g30-message'\n\t\t                rows='20' class='textarea  grunion-field'  ><\/textarea>\n\t<\/div>\n\t<p class='contact-submit'>\n\t\t<button type='submit' class='pushbutton-wide'>Envoyer<\/button>\t\t<input type='hidden' name='contact-form-id' value='30' \/>\n\t\t<input type='hidden' name='action' value='grunion-contact-form' \/>\n\t\t<input type='hidden' name='contact-form-hash' value='a426bfe29ae0278cb5312ebb6035bb6fbd1f08ca' \/>\n\t<\/p>\n<\/form>\n<\/div>\n","protected":false},"excerpt":{"rendered":"<p>Cocktail Cubanaso, le concentr\u00e9 de Pina Colada qui r\u00e9veillera vos papilles ! Compos\u00e9 d&#8217;un m\u00e9lange sucr\u00e9\u00a0ananas d\u00e9shydrat\u00e9, lait en poudre, gibier \u00e0 la noix de coco et noix de coco r\u00e2p\u00e9e, ce cocktail sans alcool est parfait pour les professionnels en qu\u00eate d&#8217;une boisson originale et rafra\u00eechissante.<\/p>\n<p>Prix d\u00e9gressif en fonction de la quantit\u00e9<\/p>\n<p>Merci de nous contacter par <a href=\"https:\/\/cubanaso-pro.com\/?page_id=59\">MAIL<\/a>, par t\u00e9l\u00e9phone au +33661819981 ou via le formulaire ci-dessous afin d&#8217;\u00e9laborer un devis<\/p>\n<p>SKU : 364215375135191<\/p>\n","protected":false},"featured_media":39,"comment_status":"open","ping_status":"closed","template":"","meta":{"_kadence_starter_templates_imported_post":false,"_kad_post_transparent":"default","_kad_post_title":"","_kad_post_layout":"default","_kad_post_sidebar_id":"","_kad_post_content_style":"default","_kad_post_vertical_padding":"default","_kad_post_feature":"","_kad_post_feature_position":"","_kad_post_header":false,"_kad_post_footer":false},"product_cat":[18],"product_tag":[21,20],"jetpack_sharing_enabled":true,"_links":{"self":[{"href":"https:\/\/cubanaso-pro.com\/index.php?rest_route=\/wp\/v2\/product\/30"}],"collection":[{"href":"https:\/\/cubanaso-pro.com\/index.php?rest_route=\/wp\/v2\/product"}],"about":[{"href":"https:\/\/cubanaso-pro.com\/index.php?rest_route=\/wp\/v2\/types\/product"}],"replies":[{"embeddable":true,"href":"https:\/\/cubanaso-pro.com\/index.php?rest_route=%2Fwp%2Fv2%2Fcomments&post=30"}],"wp:featuredmedia":[{"embeddable":true,"href":"https:\/\/cubanaso-pro.com\/index.php?rest_route=\/wp\/v2\/media\/39"}],"wp:attachment":[{"href":"https:\/\/cubanaso-pro.com\/index.php?rest_route=%2Fwp%2Fv2%2Fmedia&parent=30"}],"wp:term":[{"taxonomy":"product_cat","embeddable":true,"href":"https:\/\/cubanaso-pro.com\/index.php?rest_route=%2Fwp%2Fv2%2Fproduct_cat&post=30"},{"taxonomy":"product_tag","embeddable":true,"href":"https:\/\/cubanaso-pro.com\/index.php?rest_route=%2Fwp%2Fv2%2Fproduct_tag&post=30"}],"curies":[{"name":"wp","href":"https:\/\/api.w.org\/{rel}","templated":true}]}}