{"id":31,"date":"2023-04-26T16:23:39","date_gmt":"2023-04-26T14:23:39","guid":{"rendered":"https:\/\/cubanaso-pro.com\/?post_type=product&#038;p=31"},"modified":"2025-12-09T05:06:36","modified_gmt":"2025-12-09T04:06:36","slug":"cocktail-cubanaso-base-concentre-fruits-exotiques-0-alcool","status":"publish","type":"product","link":"https:\/\/cubanaso-pro.com\/?product=cocktail-cubanaso-base-concentre-fruits-exotiques-0-alcool","title":{"rendered":"Cocktail Cubanaso base concentr\u00e9e Fruits Exotiques 0% alcool"},"content":{"rendered":"<p>Sa texture liquide dense et sa couleur rouge\/orange attirent l&#8217;\u0153il d\u00e8s le premier coup d&#8217;\u0153il. L&#8217;odeur et le go\u00fbt des fruits tropicaux vous transportent directement sous les palmiers des Cara\u00efbes. Gr\u00e2ce \u00e0 sa base concentr\u00e9e, vous pouvez pr\u00e9parer jusqu&#8217;\u00e0 25 cocktails avec une seule bouteille de 750 ml.<\/p>\n<p>Pour pr\u00e9parer un cocktail Cubanaso parfait, rien de plus simple ! Versez 3 cl de la base concentr\u00e9e dans un verre de 30 cl rempli de gla\u00e7ons pil\u00e9s pour un go\u00fbt \u00e9quilibr\u00e9. Si vous pr\u00e9f\u00e9rez un cocktail plus prononc\u00e9, ajoutez 4 cl de concentr\u00e9 pour un verre de 40 cl et pour un format encore plus grand, versez 5 cl de concentr\u00e9 dans un verre de 50 cl rempli de gla\u00e7ons pil\u00e9s.<\/p>\n<p>Compl\u00e9tez ensuite votre verre avec de l&#8217;eau gazeuse, remuez d\u00e9licatement et ajoutez une tranche d&#8217;orange et un triangle d&#8217;ananas pour une touche d\u00e9corative. Et voil\u00e0, votre cocktail Cubanaso est pr\u00eat \u00e0 \u00eatre d\u00e9gust\u00e9 !<\/p>\n<p>Une fois ouverte, il est recommand\u00e9 de conserver la bouteille de concentr\u00e9 au frais et de le consommer dans le mois en cours pour une qualit\u00e9 optimale. Avec une \u00e9ch\u00e9ance de 18 mois, vous avez largement le temps de savourer cette boisson exotique.<\/p>\n<div data-test='contact-form' id='contact-form-31' class='wp-block-jetpack-contact-form-container '>\n<form action='https:\/\/cubanaso-pro.com\/?product=cocktail-cubanaso-base-concentre-fruits-exotiques-0-alcool#contact-form-31' method='post' class='contact-form commentsblock' aria-label=\"Cocktail Cubanaso base concentr\u00e9e Fruits Exotiques 0% alcool\" novalidate>\n\n<div style=\"\" class='grunion-field-name-wrap grunion-field-wrap'  >\n<label\n\t\t\t\tfor='g31-nom'\n\t\t\t\tclass='grunion-field-label name'>Nom<span class=\"grunion-label-required\" aria-hidden=\"true\">(obligatoire)<\/span><\/label>\n<input\n\t\t\t\t\ttype='text'\n\t\t\t\t\tname='g31-nom'\n\t\t\t\t\tid='g31-nom'\n\t\t\t\t\tvalue=''\n\t\t\t\t\tclass='name  grunion-field' \n\t\t\t\t\trequired aria-required='true' \/>\n\t<\/div>\n\n<div style=\"\" class='grunion-field-email-wrap grunion-field-wrap'  >\n<label\n\t\t\t\tfor='g31-email'\n\t\t\t\tclass='grunion-field-label email'>E-mail<span class=\"grunion-label-required\" aria-hidden=\"true\">(obligatoire)<\/span><\/label>\n<input\n\t\t\t\t\ttype='email'\n\t\t\t\t\tname='g31-email'\n\t\t\t\t\tid='g31-email'\n\t\t\t\t\tvalue=''\n\t\t\t\t\tclass='email  grunion-field' \n\t\t\t\t\trequired aria-required='true' \/>\n\t<\/div>\n\n<div style=\"\" class='grunion-field-text-wrap grunion-field-wrap'  >\n<label\n\t\t\t\tfor='g31-tlphone'\n\t\t\t\tclass='grunion-field-label text'>T\u00e9l\u00e9phone<\/label>\n<input\n\t\t\t\t\ttype='text'\n\t\t\t\t\tname='g31-tlphone'\n\t\t\t\t\tid='g31-tlphone'\n\t\t\t\t\tvalue=''\n\t\t\t\t\tclass='text  grunion-field' \n\t\t\t\t\t \/>\n\t<\/div>\n\n<div style=\"\" class='grunion-field-textarea-wrap grunion-field-wrap'  >\n<label\n\t\t\t\tfor='contact-form-comment-g31-message'\n\t\t\t\tclass='grunion-field-label textarea'>Message<\/label>\n<textarea\n\t\t                style=''\n\t\t                name='g31-message'\n\t\t                id='contact-form-comment-g31-message'\n\t\t                rows='20' class='textarea  grunion-field'  ><\/textarea>\n\t<\/div>\n\t<p class='contact-submit'>\n\t\t<button type='submit' class='pushbutton-wide'>Envoyer<\/button>\t\t<input type='hidden' name='contact-form-id' value='31' \/>\n\t\t<input type='hidden' name='action' value='grunion-contact-form' \/>\n\t\t<input type='hidden' name='contact-form-hash' value='fd1790d1d6bf7838afa47c4ca75308e1c9c9b050' \/>\n\t<\/p>\n<\/form>\n<\/div>\n","protected":false},"excerpt":{"rendered":"<p>Cocktail Cubanaso, le concentr\u00e9 de fruits exotiques qui r\u00e9veillera vos papilles ! Compos\u00e9 d&#8217;un m\u00e9lange sucr\u00e9 d&#8217;orange, d&#8217;ananas, de citron, de noix de coco et de grenadine, ce cocktail sans alcool est parfait pour les professionnels en qu\u00eate d&#8217;une boisson originale et rafra\u00eechissante.<\/p>\n<p>Prix d\u00e9gressif en fonction de la quantit\u00e9<\/p>\n<p>Merci de nous contacter par <a href=\"https:\/\/cubanaso-pro.com\/?page_id=59\">MAIL<\/a>, par t\u00e9l\u00e9phone au +33661819981 ou via le formulaire ci-dessous afin d&#8217;\u00e9laborer un devis<\/p>\n<p>SKU : 364115376135191<\/p>\n","protected":false},"featured_media":41,"comment_status":"open","ping_status":"closed","template":"","meta":{"_kadence_starter_templates_imported_post":false,"_kad_post_transparent":"default","_kad_post_title":"","_kad_post_layout":"default","_kad_post_sidebar_id":"","_kad_post_content_style":"default","_kad_post_vertical_padding":"default","_kad_post_feature":"","_kad_post_feature_position":"","_kad_post_header":false,"_kad_post_footer":false},"product_cat":[18],"product_tag":[21,20],"jetpack_sharing_enabled":true,"_links":{"self":[{"href":"https:\/\/cubanaso-pro.com\/index.php?rest_route=\/wp\/v2\/product\/31"}],"collection":[{"href":"https:\/\/cubanaso-pro.com\/index.php?rest_route=\/wp\/v2\/product"}],"about":[{"href":"https:\/\/cubanaso-pro.com\/index.php?rest_route=\/wp\/v2\/types\/product"}],"replies":[{"embeddable":true,"href":"https:\/\/cubanaso-pro.com\/index.php?rest_route=%2Fwp%2Fv2%2Fcomments&post=31"}],"wp:featuredmedia":[{"embeddable":true,"href":"https:\/\/cubanaso-pro.com\/index.php?rest_route=\/wp\/v2\/media\/41"}],"wp:attachment":[{"href":"https:\/\/cubanaso-pro.com\/index.php?rest_route=%2Fwp%2Fv2%2Fmedia&parent=31"}],"wp:term":[{"taxonomy":"product_cat","embeddable":true,"href":"https:\/\/cubanaso-pro.com\/index.php?rest_route=%2Fwp%2Fv2%2Fproduct_cat&post=31"},{"taxonomy":"product_tag","embeddable":true,"href":"https:\/\/cubanaso-pro.com\/index.php?rest_route=%2Fwp%2Fv2%2Fproduct_tag&post=31"}],"curies":[{"name":"wp","href":"https:\/\/api.w.org\/{rel}","templated":true}]}}